{"id":8,"date":"2025-03-29T16:52:43","date_gmt":"2025-03-29T16:52:43","guid":{"rendered":"https:\/\/concept.ldc-trans.ro\/?page_id=8"},"modified":"2025-03-29T16:52:43","modified_gmt":"2025-03-29T16:52:43","slug":"contact","status":"publish","type":"page","link":"https:\/\/concept.ldc-trans.ro\/?page_id=8","title":{"rendered":"Contact"},"content":{"rendered":"\n<p>Aceasta e o pagin\u0103 cu c\u00e2teva simple informa\u021bii de contact, cum ar fi adresa sau num\u0103rul de telefon. Ai putea s\u0103 \u00eencerci \u0219i un modul ca s\u0103 adaugi un formular de contact.<\/p>\n","protected":false},"excerpt":{"rendered":"<p>Aceasta e o pagin\u0103 cu c\u00e2teva simple informa\u021bii de contact, cum ar fi adresa sau num\u0103rul de telefon. Ai putea s\u0103 \u00eencerci \u0219i un modul ca s\u0103 adaugi un formular de contact.<\/p>\n","protected":false},"author":1,"featured_media":0,"parent":0,"menu_order":0,"comment_status":"closed","ping_status":"closed","template":"","meta":{"footnotes":""},"class_list":["post-8","page","type-page","status-publish","hentry"],"_links":{"self":[{"href":"https:\/\/concept.ldc-trans.ro\/index.php?rest_route=\/wp\/v2\/pages\/8","targetHints":{"allow":["GET"]}}],"collection":[{"href":"https:\/\/concept.ldc-trans.ro\/index.php?rest_route=\/wp\/v2\/pages"}],"about":[{"href":"https:\/\/concept.ldc-trans.ro\/index.php?rest_route=\/wp\/v2\/types\/page"}],"author":[{"embeddable":true,"href":"https:\/\/concept.ldc-trans.ro\/index.php?rest_route=\/wp\/v2\/users\/1"}],"replies":[{"embeddable":true,"href":"https:\/\/concept.ldc-trans.ro\/index.php?rest_route=%2Fwp%2Fv2%2Fcomments&post=8"}],"version-history":[{"count":1,"href":"https:\/\/concept.ldc-trans.ro\/index.php?rest_route=\/wp\/v2\/pages\/8\/revisions"}],"predecessor-version":[{"id":16,"href":"https:\/\/concept.ldc-trans.ro\/index.php?rest_route=\/wp\/v2\/pages\/8\/revisions\/16"}],"wp:attachment":[{"href":"https:\/\/concept.ldc-trans.ro\/index.php?rest_route=%2Fwp%2Fv2%2Fmedia&parent=8"}],"curies":[{"name":"wp","href":"https:\/\/api.w.org\/{rel}","templated":true}]}}